{"id":101,"date":"2016-12-13T10:43:24","date_gmt":"2016-12-13T09:43:24","guid":{"rendered":"https:\/\/cloud.holz-platten.at\/osmo\/?page_id=101"},"modified":"2016-12-20T14:07:27","modified_gmt":"2016-12-20T13:07:27","slug":"impressum","status":"publish","type":"page","link":"https:\/\/cloud.holz-platten.at\/osmo\/?page_id=101","title":{"rendered":"Impressum"},"content":{"rendered":"<h3>Holz-HRAD GesmbH<\/h3>\n<div>Hab\u00f6ckgasse 5<br \/>\nA-1230 Wien<\/div>\n<div>Tel.: +43(0)1\/616 73 91-0<br \/>\nFax: +43(0)1\/616 73 91-20<\/div>\n<div>E-Mail: info@holz-platten.at<br \/>\nhttp:\/\/www.holz-platten.at<\/div>\n<div>Firmenbuchnummer: FN 140815g, HG Wien<br \/>\nUSt.-Id Nr.: ATU 40013105<br \/>\nDVR Nr.: 0837717<br \/>\nGesch\u00e4ftsf\u00fchrer: Ing. Georg Hrad<\/p>\n<h4 style=\"text-align: right;\"><a href=\"http:\/\/firmena-z.wko.at\/ecgInfo.asp?MGID=DDE4C2D336BCF6C3A7B6B1E06049785F&amp;NOFRAME=J\">Information gem\u00e4\u00df ECG<\/a><\/h4>\n<p>Bankverbindung:<br \/>\nBank Austria<br \/>\nIBAN: AT22 1200 0515 9620 9901<br \/>\nBIC: BKAUATWW<\/p>\n<h4>Bitte beachten Sie, dass f\u00fcr unsere Web-Seiten folgende Nutzungsbedingungen gelten:<\/h4>\n<p><strong>Nutzungsrecht an den Inhalten<\/strong><br \/>\nDie Web-Seiten, ihre Programmierung, Inhalte, Gestaltung und Struktur unterliegen urheber-, marken- und wettbewerbsrechtlichen Schutzrechten. Urheberrechtshinweise und Markenbezeichnungen d\u00fcrfen weder ver\u00e4ndert noch beseitigt werden. Eine Vervielf\u00e4ltigung, Verbreitung, Bereithaltung zum Abruf oder Online-Zug\u00e4nglichmachung (\u00dcbernahme in andere Webseite) unserer Webseiten, des Layouts der Webseiten, ihrer Inhalte (Texte, Bilder, Programme) ganz oder teilweise, in ver\u00e4nderter oder unver\u00e4nderter Form ist nur nach vorheriger schriftlicher Zustimmung zul\u00e4ssig.<br \/>\nLediglich die nicht-kommerzielle private Nutzung ist in den Grenzen des Urheberrechtsgesetzes zul\u00e4ssig.<\/p>\n<p><strong>Haftung f\u00fcr Inhalte \/ Informationen<\/strong><br \/>\nDie Holz-HRAD GesmbH sowie Dritte, von denen wir Informationen auf der Webseite bereitstellen, \u00fcbernehmen trotz sorgf\u00e4ltiger Beschaffung und Bereitstellung keine Haftung f\u00fcr die Richtigkeit, Vollst\u00e4ndigkeit, Verz\u00f6gerung oder Genauigkeit sowie Verf\u00fcgbarkeit der im Rahmen dieses Informationsangebotes bereitgehaltenen und angezeigten Informationen, Preise, allgemeinen Marktdaten und sonstigen zug\u00e4nglichen Inhalte. Wir haben nicht alle Informationen, auf die sich die Dokumente st\u00fctzen, selbst verifiziert.<br \/>\nWir \u00fcbernehmen keine Haftung f\u00fcr Verluste, die durch die Verteilung und Verwendung dieser Dokumente\/Informationen verursacht oder mit der Verteilung\/Nutzung dieser Dokumente und Informationen im Zusammenhang stehen.<\/p>\n<p><strong>Rechtshinweis<\/strong><br \/>\nLinks auf Unterseiten und Unterverzeichnisse (Deep-Links, Img-Links) sind nur nach vorheriger schriftlicher Zustimmung zul\u00e4ssig. Den Inhalt fremder Webseiten, auf die aus unseren Webseiten heraus verwiesen wird, machen wir uns nicht zu eigen. Es wird keine Verantwortung f\u00fcr den Inhalt der verlinkten Seiten \u00fcbernommen, insbesondere nicht f\u00fcr \u00c4nderungen der Seiten, die nach dem Setzen des Links erfolgt sind.<\/p>\n<p><strong>Google Analytics<\/strong><br \/>\nWir setzen Google Analytics, einen Webanalysedienst der Google Inc. (\u201eGoogle\u201c) ein. Google verwendet Cookies. Die durch das Cookie erzeugten Informationen \u00fcber die Benutzung des Onlineangebotes durch die Nutzer werden in der Regel an einen Server von Google in den USA \u00fcbertragen und dort gespeichert.<br \/>\nGoogle wird diese Informationen in unserem Auftrag benutzen, um die Nutzung unseres Onlineangebotes durch die Nutzer auszuwerten, um Reports \u00fcber die Aktivit\u00e4ten innerhalb dieses Onlineangebotes zusammenzustellen und um weitere mit der Nutzung dieses Onlineangebotes und der Internetnutzung verbundene Dienstleistungen uns gegen\u00fcber zu erbringen. Dabei k\u00f6nnen aus den verarbeiteten Daten pseudonyme Nutzungsprofile der Nutzer erstellt werden.<\/p>\n<p>Wir setzen Google Analytics nur mit aktivierter IP-Anonymisierung ein. Das bedeutet, die IP-Adresse der Nutzer wird von Google innerhalb von Mitgliedstaaten der Europ\u00e4ischen Union oder in anderen Vertragsstaaten des Abkommens \u00fcber den Europ\u00e4ischen Wirtschaftsraum gek\u00fcrzt. Nur in Ausnahmef\u00e4llen wird die volle IP-Adresse an einen Server von Google in den USA \u00fcbertragen und dort gek\u00fcrzt.\u00a0Die von dem Browser des Nutzers \u00fcbermittelte IP-Adresse wird nicht mit anderen Daten von Google zusammengef\u00fchrt.<\/p>\n<p>Die Nutzer k\u00f6nnen die Speicherung der Cookies durch eine entsprechende Einstellung ihrer Browser-Software verhindern; die Nutzer k\u00f6nnen dar\u00fcber hinaus die Erfassung der durch das Cookie erzeugten und auf ihre Nutzung des Onlineangebotes bezogenen Daten an Google sowie die Verarbeitung dieser Daten durch Google verhindern, indem sie das unter dem folgenden Link verf\u00fcgbare Browser-Plugin herunterladen und installieren: <a href=\"http:\/\/tools.google.com\/dlpage\/gaoptout?hl=de\">http:\/\/tools.google.com\/dlpage\/gaoptout?hl=de<\/a>.<\/p>\n<p>Weitere Informationen zur Datennutzung zu Werbezwecken durch Google, Einstellungs- und Widerspruchsm\u00f6glichkeiten erfahren Sie auf den Webseiten von Google: <a href=\"https:\/\/www.google.com\/intl\/de\/policies\/privacy\/partners\/\">https:\/\/www.google.com\/intl\/de\/policies\/privacy\/partners\/<\/a> (\u201eDatennutzung durch Google bei Ihrer Nutzung von Websites oder Apps unserer Partner\u201c), <a href=\"http:\/\/www.google.com\/policies\/technologies\/ads\">http:\/\/www.google.com\/policies\/technologies\/ads<\/a>(\u201eDatennutzung zu Werbezwecken\u201c),<a href=\"http:\/\/www.google.de\/settings\/ads\"> http:\/\/www.google.de\/settings\/ads<\/a> (\u201eInformationen verwalten, die Google verwendet, um Ihnen Werbung einzublenden\u201c) und <a href=\"http:\/\/www.google.com\/ads\/preferences\/\">http:\/\/www.google.com\/ads\/preferences\/<\/a> (\u201eBestimmen Sie, welche Werbung Google Ihnen zeigt\u201c).<\/p>\n<\/div>\n","protected":false},"excerpt":{"rendered":"<p>Holz-HRAD GesmbH Hab\u00f6ckgasse 5 A-1230 Wien Tel.: +43(0)1\/616 73 91-0 Fax: +43(0)1\/616 73 91-20 E-Mail: info@holz-platten.at http:\/\/www.holz-platten.at Firmenbuchnummer: FN 140815g, HG Wien USt.-Id Nr.: ATU 40013105 DVR Nr.: 0837717 Gesch\u00e4ftsf\u00fchrer: Ing. Georg Hrad Information gem\u00e4\u00df ECG Bankverbindung: Bank Austria IBAN: AT22 1200 0515 9620 9901 BIC: BKAUATWW Bitte beachten Sie, dass f\u00fcr unsere Web-Seiten folgende [&hellip;]<\/p>\n","protected":false},"author":1,"featured_media":0,"parent":0,"menu_order":0,"comment_status":"closed","ping_status":"closed","template":"","meta":{"footnotes":""},"class_list":["post-101","page","type-page","status-publish","hentry"],"_links":{"self":[{"href":"https:\/\/cloud.holz-platten.at\/osmo\/index.php?rest_route=\/wp\/v2\/pages\/101"}],"collection":[{"href":"https:\/\/cloud.holz-platten.at\/osmo\/index.php?rest_route=\/wp\/v2\/pages"}],"about":[{"href":"https:\/\/cloud.holz-platten.at\/osmo\/index.php?rest_route=\/wp\/v2\/types\/page"}],"author":[{"embeddable":true,"href":"https:\/\/cloud.holz-platten.at\/osmo\/index.php?rest_route=\/wp\/v2\/users\/1"}],"replies":[{"embeddable":true,"href":"https:\/\/cloud.holz-platten.at\/osmo\/index.php?rest_route=%2Fwp%2Fv2%2Fcomments&post=101"}],"version-history":[{"count":9,"href":"https:\/\/cloud.holz-platten.at\/osmo\/index.php?rest_route=\/wp\/v2\/pages\/101\/revisions"}],"predecessor-version":[{"id":304,"href":"https:\/\/cloud.holz-platten.at\/osmo\/index.php?rest_route=\/wp\/v2\/pages\/101\/revisions\/304"}],"wp:attachment":[{"href":"https:\/\/cloud.holz-platten.at\/osmo\/index.php?rest_route=%2Fwp%2Fv2%2Fmedia&parent=101"}],"curies":[{"name":"wp","href":"https:\/\/api.w.org\/{rel}","templated":true}]}}