{"id":106,"date":"2016-12-13T10:45:03","date_gmt":"2016-12-13T09:45:03","guid":{"rendered":"https:\/\/cloud.holz-platten.at\/osmo\/?page_id=106"},"modified":"2016-12-14T09:27:08","modified_gmt":"2016-12-14T08:27:08","slug":"agb","status":"publish","type":"page","link":"https:\/\/cloud.holz-platten.at\/osmo\/?page_id=106","title":{"rendered":"AGB"},"content":{"rendered":"<p><strong><span style=\"color: #000000;\">Allgemeine Verkaufs- und Lieferbedingungen der Fa. Holz-HRAD GesmbH<\/span><\/strong><\/p>\n<p><span style=\"color: #000000;\">1.G\u00fcltigkeitsbereich:<br \/>\nDie vorliegenden Liefer- und Zahlungsbedingungen bilden einen integrierenden Bestandteil aller Gesch\u00e4ftsabschl\u00fcsse der Firma Holz-HRAD GesmbH, Wien. M\u00fcndliche Vereinbarungen oder Nebenabreden sind ung\u00fcltig. Diese Lieferbedingungen gelten f\u00fcr alle unsere Lieferungen, insbesondere auch dann, wenn der K\u00e4ufer zu anderen Bedingungen bestellt, es sei denn, dass wir diese schriftlich anerkannt haben. Keinesfalls kann aus unbeanstandeter Entgegennahme von z.B. Bestellungen oder Auftragsbest\u00e4tigungen mit von unseren Liefer- und Zahlungsbedingungen abweichenden Einkaufsbedingungen auf letztere geschlossen werden.<\/span><\/p>\n<p><span style=\"color: #000000;\">2.Angebot:<br \/>\nUnsere Angebote gelten freibleibend und unverbindlich. Die darin enthaltenen Angaben sind nur f\u00fcr den Empf\u00e4nger bestimmt und d\u00fcrfen ohne unser Einverst\u00e4ndnis nicht an Dritte weitergegeben werden.<\/span><\/p>\n<p><span style=\"color: #000000;\">3.Auftragserteilung:<br \/>\nWar der uns erteilte Auftrag nicht ausreichend klar beschrieben, werden daraus sich ergebende Reklamationen nicht anerkannt, d.h. unklare Auftragserteilungen gehen zu Lasten des Bestellers.<\/span><\/p>\n<p><span style=\"color: #000000;\">4.Auftragsbest\u00e4tigung:<br \/>\nDie uns erteilten Auftr\u00e4ge sind f\u00fcr den K\u00e4ufer verbindlich, w\u00e4hrend die Rechtswirksamkeit f\u00fcr uns erst mit der schriftlichen, firmenm\u00e4\u00dfigen Best\u00e4tigung beginnt.<\/span><\/p>\n<p><span style=\"color: #000000;\">5.Preis:<br \/>\nEs gelten die am Liefertage g\u00fcltigen Preise der Firma Holz-HRAD GesmbH Ausgenommen sind Gesch\u00e4ftsf\u00e4lle, bei welchen ausdr\u00fccklich und einvernehmlich andere Vereinbarungen festgelegt oder anders lautende Offerte gelegt worden sind.<\/span><\/p>\n<p><span style=\"color: #000000;\">6.Frankatur:<br \/>\nUnsere Preise gelten ab unserem Lager Wien 23, exkl. MWSt. Anders lautende Bedingungen m\u00fcssen gesondert vereinbart werden.<\/span><\/p>\n<p><span style=\"color: #000000;\">7.Lieferfristen:<br \/>\nDie in der Bestellung angef\u00fchrten Lieferfristen k\u00f6nnen bis zu 2 Wochen \u00fcberschritten werden. Nach \u00dcberschreitung ist eine mindestens 6-w\u00f6chige Nachfrist zu setzen. Schadenersatzanspr\u00fcche wegen versp\u00e4teter Lieferung oder wegen R\u00fccktrittes vom Vertrag seitens des Kunden sind ausgeschlossen.<\/span><\/p>\n<p><span style=\"color: #000000;\">8.Gew\u00e4hrleistung:<br \/>\nBeanstandungen k\u00f6nnen nur anerkannt werden, wenn diese eingeschrieben innerhalb von 8 Tagen an uns gelangen. F\u00fcr gelieferte Waren wird von uns nur Gew\u00e4hr f\u00fcr Material- und Herstellungsfehler geleistet. Bei berechtigten Beanstandungen verpflichten wir uns, die Waren entsprechend instand zu setzen oder durch ordnungsgem\u00e4\u00dfe Produkte zu ersetzen. Die Wahl bleibt uns \u00fcberlassen. R\u00fccksendungen ohne unser ausdr\u00fccklichen Einverst\u00e4ndnis werden nicht anerkannt und gehen zu Lasten des Auftraggebers. Wandlung des Kaufes oder Minderung des Kaufpreises aus dem Titel der Gew\u00e4hrleistung ist ausgeschlossen. Eine Ersatzpflicht nach dem PHG BgBl. Nr. 99\/1988, oder aus anderen Bestimmungen abgeleitete Produkthaftungsanspr\u00fcche f\u00fcr Sachsch\u00e4den an betrieblich genutzten Gegenst\u00e4nden von Unternehmern ist ausgeschlossen. Der Ausschluss der Ersatzpflicht im vorgenannten Sinne ist vom K\u00e4ufer auf den n\u00e4chsten Abnehmer zu \u00fcberbinden und ist auch zur \u00dcberbindung aufzuerlegen.<\/span><\/p>\n<p><span style=\"color: #000000;\">10. Lieferrisiko:<br \/>\nAlle Lieferungen erfolgen ausschlie\u00dflich auf Gefahr des Empf\u00e4ngers, auch bei frachtfreier Lieferung.<\/span><\/p>\n<p><span style=\"color: #000000;\">11.Zustellung:<br \/>\nIm Ortsverkehr erfolgt die Zustellung der Waren im Rahmen unserer M\u00f6glichkeiten und ausschlie\u00dflich ebenerdig bis zum Hauseingang. Einen verbindlichen Anspruch auf einen ganz bestimmten Liefertermin besitzt der Kunde nicht, es sei denn, dass ein solcher ausdr\u00fccklich schriftlich vereinbart wurde.<\/span><\/p>\n<p><span style=\"color: #000000;\">12.Transportsch\u00e4den:<br \/>\nEine Schadenaustragung bei Transportsch\u00e4den ist nur m\u00f6glich, wenn diese sofort bei der \u00dcbernahme dem Bef\u00f6rderer gemeldet wird.<\/span><\/p>\n<p><span style=\"color: #000000;\">13. Kosten und Verpackung:<br \/>\nWenn besondere Kosten f\u00fcr die Verpackung entstehen, werden diese dem Kunden gesondert in Rechnung gestellt, und es gilt in allen F\u00e4llen als vereinbart, dass diese Kosten von unseren Kunden zu tragen sind.<\/span><\/p>\n<p><span style=\"color: #000000;\">14. Zahlungskonditionen:<br \/>\nSofern keine besonderen Zahlungsbedingungen vereinbart werden, sind Forderungen bei Erhalt der Lieferung f\u00e4llig. Zahlungen sind bar ohne jeden Abzug frei Zahlstelle Fa. Holz-HRAD GesmbH zu leisten. Eine Zahlung gilt an dem Tag als geleistet, an dem wir dar\u00fcber verf\u00fcgen k\u00f6nnen. Ist ein Auftrag abgeschlossen und eine Lieferung auf Wunsch des Kunden nicht m\u00f6glich so ist unsere Forderung nach Erhalt der Rechnung f\u00e4llig. Ist der K\u00e4ufer mit der vereinbarten Zahlung in Verzug so gelten Verzugszinsen in der H\u00f6he von 1% p. m. als vereinbart. Im Falle der S\u00e4umnis verpflichtet sich der K\u00e4ufer\/Auftraggeber die Betreibungskosten des Kreditschutzverbandes von 1870 gem\u00e4\u00df des Bm.f.A. \u00fcber Geb\u00fchren der Inkassoinstitute, BgBl. Nr. 141\/1996 zu verg\u00fcten.<\/span><\/p>\n<p><span style=\"color: #000000;\">15. Eigentumsvorbehalt:<br \/>\nAlle gelieferten Waren bleiben bis zur g\u00e4nzlichen Bezahlung uneingeschr\u00e4nkt unser Eigentum. F\u00fcr den Fall einer Pf\u00e4ndung sind unsere Kunden verpflichtet, auf unsere Eigentumsanspr\u00fcche hinzuweisen und au\u00dferdem uns mittels eingeschriebenen Briefes (bei gleichzeitiger Bekanntgabe der Anschrift der betreibenden Partei) zu verst\u00e4ndigen.<\/span><\/p>\n<p><span style=\"color: #000000;\">16. Einer Qualit\u00e4ts- oder Mengentoleranz<br \/>\nwird bis 5% vom Kunden einger\u00e4umt. Erst diese Qualit\u00e4ts- und Mengentoleranzgrenze \u00fcberschreitende Differenz haben im Sinne des Punktes 8 vom Lieferanten ausgeglichen zu werden.<\/span><\/p>\n<p><span style=\"color: #000000;\">17. Gerichtsstand:<br \/>\nErf\u00fcllungsort f\u00fcr beide Teile ist Wien, Gerichtsstand ist Wien.<\/span><\/p>\n","protected":false},"excerpt":{"rendered":"<p>Allgemeine Verkaufs- und Lieferbedingungen der Fa. Holz-HRAD GesmbH 1.G\u00fcltigkeitsbereich: Die vorliegenden Liefer- und Zahlungsbedingungen bilden einen integrierenden Bestandteil aller Gesch\u00e4ftsabschl\u00fcsse der Firma Holz-HRAD GesmbH, Wien. M\u00fcndliche Vereinbarungen oder Nebenabreden sind ung\u00fcltig. Diese Lieferbedingungen gelten f\u00fcr alle unsere Lieferungen, insbesondere auch dann, wenn der K\u00e4ufer zu anderen Bedingungen bestellt, es sei denn, dass wir diese schriftlich [&hellip;]<\/p>\n","protected":false},"author":1,"featured_media":0,"parent":0,"menu_order":0,"comment_status":"closed","ping_status":"closed","template":"","meta":{"footnotes":""},"class_list":["post-106","page","type-page","status-publish","hentry"],"_links":{"self":[{"href":"https:\/\/cloud.holz-platten.at\/osmo\/index.php?rest_route=\/wp\/v2\/pages\/106"}],"collection":[{"href":"https:\/\/cloud.holz-platten.at\/osmo\/index.php?rest_route=\/wp\/v2\/pages"}],"about":[{"href":"https:\/\/cloud.holz-platten.at\/osmo\/index.php?rest_route=\/wp\/v2\/types\/page"}],"author":[{"embeddable":true,"href":"https:\/\/cloud.holz-platten.at\/osmo\/index.php?rest_route=\/wp\/v2\/users\/1"}],"replies":[{"embeddable":true,"href":"https:\/\/cloud.holz-platten.at\/osmo\/index.php?rest_route=%2Fwp%2Fv2%2Fcomments&post=106"}],"version-history":[{"count":3,"href":"https:\/\/cloud.holz-platten.at\/osmo\/index.php?rest_route=\/wp\/v2\/pages\/106\/revisions"}],"predecessor-version":[{"id":183,"href":"https:\/\/cloud.holz-platten.at\/osmo\/index.php?rest_route=\/wp\/v2\/pages\/106\/revisions\/183"}],"wp:attachment":[{"href":"https:\/\/cloud.holz-platten.at\/osmo\/index.php?rest_route=%2Fwp%2Fv2%2Fmedia&parent=106"}],"curies":[{"name":"wp","href":"https:\/\/api.w.org\/{rel}","templated":true}]}}