{"id":2,"date":"2016-12-11T19:49:05","date_gmt":"2016-12-11T18:49:05","guid":{"rendered":"https:\/\/cloud.holz-platten.at\/osmo\/?page_id=2"},"modified":"2016-12-13T21:55:21","modified_gmt":"2016-12-13T20:55:21","slug":"beispiel-seite","status":"publish","type":"page","link":"https:\/\/cloud.holz-platten.at\/osmo\/","title":{"rendered":"Willkommen auf osmo.at"},"content":{"rendered":"<p dir=\"ltr\"><img loading=\"lazy\" decoding=\"async\" class=\"wp-image-111 size-full alignright\" src=\"https:\/\/cloud.holz-platten.at\/osmo\/wp-content\/tmp\/2016\/12\/osmo_startseite-e1481622940870.jpg\" width=\"576\" height=\"248\" srcset=\"https:\/\/cloud.holz-platten.at\/osmo\/wp-content\/tmp\/2016\/12\/osmo_startseite-e1481622940870.jpg 576w, https:\/\/cloud.holz-platten.at\/osmo\/wp-content\/tmp\/2016\/12\/osmo_startseite-e1481622940870-300x129.jpg 300w\" sizes=\"(max-width: 576px) 100vw, 576px\" \/><\/p>\n<h4 dir=\"ltr\">OSMO in Form und Farbe<\/h4>\n<p dir=\"ltr\">Als einziger Produzent komplettiert Osmo seine Veredelungskette mit Farben und Oberfl\u00e4chen aus eigener Entwicklung und eigener Produktion. Unsere Holzanstriche und Farben basieren auf nat\u00fcrlichen \u00d6len und Wachsen. Die pflanzlichen Rohstoffe werden in mehreren aufw\u00e4ndigen Prozessen gereinigt und veredelt und sind unbedenklich f\u00fcr Mensch, Tier und Pflanze.<br \/>\nDie verwendeten nat\u00fcrlichen Farbpigmente sind s\u00e4mtlich auch f\u00fcr den Nahrungsmittelsektor zugelassen. Dort, wo f\u00fcr die Verarbeitungs- und Produktqualit\u00e4t ein L\u00f6semittel unverzichtbar ist, wird in geringen Mengen entaromatisiertes Testbenzin eingesetzt, dass die Reinheitsanforderungen des Europ\u00e4ischen Arzneibuches (10.Auflg. ff) erf\u00fcllt.<\/p>\n<p dir=\"ltr\">\nEine Sonderstellung nehmen bei Osmo werkseitig behandelte H\u00f6lzer ein. Das sind Garten- und Fassadenh\u00f6lzer, die nach technischen Zeichnungen oder Mustern angefertigt und auf Wunsch auch in RAL-kompatiblen T\u00f6nen farbig vor- oder endbehandelt werden.<\/p>\n<p dir=\"ltr\">\nAuch Leisten, Leimholz und Fu\u00dfb\u00f6den k\u00f6nnen f\u00fcr Objekte als Anfertigung &#8222;nach Ma\u00df&#8220; geliefert werden.<\/p>\n<p dir=\"ltr\">\n<h4 dir=\"ltr\"><img loading=\"lazy\" decoding=\"async\" class=\"wp-image-32 size-full aligncenter\" src=\"https:\/\/cloud.holz-platten.at\/osmo\/wp-content\/tmp\/2016\/12\/moebel.jpg\" width=\"760\" height=\"200\" srcset=\"https:\/\/cloud.holz-platten.at\/osmo\/wp-content\/tmp\/2016\/12\/moebel.jpg 760w, https:\/\/cloud.holz-platten.at\/osmo\/wp-content\/tmp\/2016\/12\/moebel-300x79.jpg 300w\" sizes=\"(max-width: 760px) 100vw, 760px\" \/><\/h4>\n<h4 dir=\"ltr\"><\/h4>\n<h4 dir=\"ltr\">Holz-HRAD GesmbH die\u00a0Profis im Holz seit 1831!<\/h4>\n<h5 dir=\"ltr\" style=\"text-align: left;\">Perfekter Service, fundierte Beratung und beste Qualit\u00e4t, Holzhandel und Produktion in der 7ten Generation.<\/h5>\n<p>Wir handeln, produzieren, liefern und montieren ein sehr breites Sortiment an Holzwerkstoffen mit der langj\u00e4hriger Tradition eines Familienbetriebes. Die Oberfl\u00e4chenveredelung unserer Produkte auf Basis nat\u00fcrlicher \u00d6le und Wachse fertigen wir ausschlie\u00dflich von Hand mit den nat\u00fcrlichen Holzanstrichen von Osmo. \u00a0Drei Generationen unserer Familie vertrauen nun seit \u00fcber einem halben Jahrhundert, sowohl in der Fertigung wie im Handel, auf OSMO-COLOR!<\/p>\n<h4><span style=\"color: #c20c0c;\">Lassen sie sich von der Qualit\u00e4t und dem Service zweier langj\u00e4hriger Spezialisten \u00fcberzeugen und testen sie unser Produkte. Gerne beantworten wir Ihre Anfragen oder beraten Sie in unserem Schauraum in 1230 Wien!<\/span><\/h4>\n","protected":false},"excerpt":{"rendered":"<p>OSMO in Form und Farbe Als einziger Produzent komplettiert Osmo seine Veredelungskette mit Farben und Oberfl\u00e4chen aus eigener Entwicklung und eigener Produktion. Unsere Holzanstriche und Farben basieren auf nat\u00fcrlichen \u00d6len und Wachsen. Die pflanzlichen Rohstoffe werden in mehreren aufw\u00e4ndigen Prozessen gereinigt und veredelt und sind unbedenklich f\u00fcr Mensch, Tier und Pflanze. Die verwendeten nat\u00fcrlichen Farbpigmente [&hellip;]<\/p>\n","protected":false},"author":1,"featured_media":0,"parent":0,"menu_order":0,"comment_status":"closed","ping_status":"open","template":"","meta":{"footnotes":""},"class_list":["post-2","page","type-page","status-publish","hentry"],"_links":{"self":[{"href":"https:\/\/cloud.holz-platten.at\/osmo\/index.php?rest_route=\/wp\/v2\/pages\/2"}],"collection":[{"href":"https:\/\/cloud.holz-platten.at\/osmo\/index.php?rest_route=\/wp\/v2\/pages"}],"about":[{"href":"https:\/\/cloud.holz-platten.at\/osmo\/index.php?rest_route=\/wp\/v2\/types\/page"}],"author":[{"embeddable":true,"href":"https:\/\/cloud.holz-platten.at\/osmo\/index.php?rest_route=\/wp\/v2\/users\/1"}],"replies":[{"embeddable":true,"href":"https:\/\/cloud.holz-platten.at\/osmo\/index.php?rest_route=%2Fwp%2Fv2%2Fcomments&post=2"}],"version-history":[{"count":9,"href":"https:\/\/cloud.holz-platten.at\/osmo\/index.php?rest_route=\/wp\/v2\/pages\/2\/revisions"}],"predecessor-version":[{"id":149,"href":"https:\/\/cloud.holz-platten.at\/osmo\/index.php?rest_route=\/wp\/v2\/pages\/2\/revisions\/149"}],"wp:attachment":[{"href":"https:\/\/cloud.holz-platten.at\/osmo\/index.php?rest_route=%2Fwp%2Fv2%2Fmedia&parent=2"}],"curies":[{"name":"wp","href":"https:\/\/api.w.org\/{rel}","templated":true}]}}