{"id":221,"date":"2016-12-20T15:18:24","date_gmt":"2016-12-20T14:18:24","guid":{"rendered":"https:\/\/cloud.holz-platten.at\/osmo\/?page_id=221"},"modified":"2016-12-20T15:18:24","modified_gmt":"2016-12-20T14:18:24","slug":"zuschnitteingabe","status":"publish","type":"page","link":"https:\/\/cloud.holz-platten.at\/osmo\/?page_id=221","title":{"rendered":"Zuschnitteingabe"},"content":{"rendered":"<h3><img loading=\"lazy\" decoding=\"async\" class=\"size-medium wp-image-308 alignright\" src=\"https:\/\/cloud.holz-platten.at\/osmo\/wp-content\/tmp\/2016\/12\/zuschnitt_holzplatten-300x200.jpg\" alt=\"\" width=\"300\" height=\"200\" \/>Zuschnitt-Tool<\/h3>\n<p>Die rationelle Eingabe der Plattenzuschnitte inkl. Kanten und Oberfl\u00e4chenbearbeitung erfolgt \u00fcber diese Online-Tool:<\/p>\n<p>Legen Sie Ihr pers\u00f6nliches Konto an und geben Sie Ihre Plattenma\u00dfe ein. Diese Daten k\u00f6nnen jederzeit ge\u00e4ndert werden. Das System rechnet Ihnen automatisch die Fl\u00e4chen und Kantenl\u00e4ngen aus. Auf Wunsch erstellen wir Ihnen auch gerne ein Angebot oder schneiden die Platten entsprechend Ihren Angaben exakt zu. Fragen Sie uns, wir beraten Sie gerne!<\/p>\n<div class=\"clear\"><strong>Folgende Punkte sind wichtig f\u00fcr die Eingabe:<br \/>\n<\/strong><\/div>\n<ul>\n<li>Alle Ma\u00dfe in\u00a0<strong>mm<\/strong>\u00a0eingeben<img loading=\"lazy\" decoding=\"async\" class=\"size-medium wp-image-309 alignright\" src=\"https:\/\/cloud.holz-platten.at\/osmo\/wp-content\/tmp\/2016\/12\/abakus-300x186.gif\" alt=\"\" width=\"300\" height=\"186\" \/><\/li>\n<li>Das\u00a0<strong>erste Ma\u00df<\/strong>\u00a0(=L\u00e4nge) ist immer die\u00a0<strong>Maserl\u00e4ngsrichtung<\/strong>, z.B. 1000*200mm bedeutet l\u00e4ngs-, 200*1000mm quergemasert!<\/li>\n<li>Alle\u00a0<strong>Ma\u00dfe inkl. der Kantenst\u00e4rke<\/strong>\u00a0eingeben (die Nettoma\u00dfe werden dann vom System errechnet)<\/li>\n<li>Wenn Sie nach der Eingabe der Ma\u00dfe auf Best\u00e4tigen klicken bekommen Sie <span style=\"text-decoration: underline;\">nur zur Kontrolle ein\u00a0Mail mit den eingegebenen Zuschnitten, wir bearbeiten diese Eingabe noch nicht<\/span>.<\/li>\n<li>M\u00f6chten Sie ein Angebot \u00fcber diese Eingabe dann antworten Sie bitte auf dieses Mail mit Angabe Ihres Namens und einer Telefonnummer f\u00fcr etwaige R\u00fcckfragen.<\/li>\n<li>M\u00f6chten Sie diese Zuschnitte bestellen, dann antworten Sie bitte auf das Mail mit dem Hinweis, dass Sie bestellen m\u00f6chten und mit Angabe Ihres Namens und einer Telefonnummer f\u00fcr etwaige R\u00fcckfragen.<\/li>\n<\/ul>\n<p>&nbsp;<\/p>\n<h4 style=\"text-align: center;\"><a title=\"Holzplatten Zuschnitt neu\" href=\"http:\/\/zuschnitt.holz-platten.at\/Zuschnitt\/AuftrNeu.aspx\" target=\"_blank\">Neues Projekt (klick)<\/a><\/h4>\n<p style=\"text-align: center;\">Neues Projekt anlegen und Plattenzuschnitte eingeben.<\/p>\n<h4 style=\"text-align: center;\"><a title=\"Holzplatten Zuschnitt bestehendes Projekt\" href=\"http:\/\/zuschnitt.holz-platten.at\/Zuschnitt\/AuftrAnz.aspx\" target=\"_blank\">Bestehendes Projekt (klick)<\/a><\/h4>\n<p style=\"text-align: center;\">Zum Bearbeiten\u00a0eines bestehenden Projektes ben\u00f6tigen Sie die Auftragsnummer und den Projektnamen.<\/p>\n<p>&nbsp;<\/p>\n<p>Alle von Ihnen eingegebenen Daten werden <span style=\"text-decoration: underline;\">ausschlie\u00dflich<\/span> f\u00fcr diese Zuschnittliste verwendet und auch nicht an Dritte weitergegeben. Die Daten werden von uns nach einiger Zeit wieder gel\u00f6scht.<\/p>\n","protected":false},"excerpt":{"rendered":"<p>Zuschnitt-Tool Die rationelle Eingabe der Plattenzuschnitte inkl. Kanten und Oberfl\u00e4chenbearbeitung erfolgt \u00fcber diese Online-Tool: Legen Sie Ihr pers\u00f6nliches Konto an und geben Sie Ihre Plattenma\u00dfe ein. Diese Daten k\u00f6nnen jederzeit ge\u00e4ndert werden. Das System rechnet Ihnen automatisch die Fl\u00e4chen und Kantenl\u00e4ngen aus. Auf Wunsch erstellen wir Ihnen auch gerne ein Angebot oder schneiden die Platten [&hellip;]<\/p>\n","protected":false},"author":1,"featured_media":0,"parent":0,"menu_order":0,"comment_status":"closed","ping_status":"closed","template":"","meta":{"footnotes":""},"class_list":["post-221","page","type-page","status-publish","hentry"],"_links":{"self":[{"href":"https:\/\/cloud.holz-platten.at\/osmo\/index.php?rest_route=\/wp\/v2\/pages\/221"}],"collection":[{"href":"https:\/\/cloud.holz-platten.at\/osmo\/index.php?rest_route=\/wp\/v2\/pages"}],"about":[{"href":"https:\/\/cloud.holz-platten.at\/osmo\/index.php?rest_route=\/wp\/v2\/types\/page"}],"author":[{"embeddable":true,"href":"https:\/\/cloud.holz-platten.at\/osmo\/index.php?rest_route=\/wp\/v2\/users\/1"}],"replies":[{"embeddable":true,"href":"https:\/\/cloud.holz-platten.at\/osmo\/index.php?rest_route=%2Fwp%2Fv2%2Fcomments&post=221"}],"version-history":[{"count":17,"href":"https:\/\/cloud.holz-platten.at\/osmo\/index.php?rest_route=\/wp\/v2\/pages\/221\/revisions"}],"predecessor-version":[{"id":316,"href":"https:\/\/cloud.holz-platten.at\/osmo\/index.php?rest_route=\/wp\/v2\/pages\/221\/revisions\/316"}],"wp:attachment":[{"href":"https:\/\/cloud.holz-platten.at\/osmo\/index.php?rest_route=%2Fwp%2Fv2%2Fmedia&parent=221"}],"curies":[{"name":"wp","href":"https:\/\/api.w.org\/{rel}","templated":true}]}}