{"id":99,"date":"2016-12-13T10:45:24","date_gmt":"2016-12-13T09:45:24","guid":{"rendered":"https:\/\/cloud.holz-platten.at\/osmo\/?page_id=99"},"modified":"2016-12-14T09:22:40","modified_gmt":"2016-12-14T08:22:40","slug":"unternehmen","status":"publish","type":"page","link":"https:\/\/cloud.holz-platten.at\/osmo\/?page_id=99","title":{"rendered":"Unternehmen"},"content":{"rendered":"<p><img loading=\"lazy\" decoding=\"async\" class=\"size-medium wp-image-176 alignright\" src=\"https:\/\/cloud.holz-platten.at\/osmo\/wp-content\/tmp\/2016\/12\/Schauraum1-300x200.jpg\" alt=\"\" width=\"300\" height=\"200\" srcset=\"https:\/\/cloud.holz-platten.at\/osmo\/wp-content\/tmp\/2016\/12\/Schauraum1-300x200.jpg 300w, https:\/\/cloud.holz-platten.at\/osmo\/wp-content\/tmp\/2016\/12\/Schauraum1-768x511.jpg 768w, https:\/\/cloud.holz-platten.at\/osmo\/wp-content\/tmp\/2016\/12\/Schauraum1-1024x682.jpg 1024w, https:\/\/cloud.holz-platten.at\/osmo\/wp-content\/tmp\/2016\/12\/Schauraum1.jpg 1364w\" sizes=\"(max-width: 300px) 100vw, 300px\" \/><\/p>\n<h4>Holz-HRAD GesmbH<\/h4>\n<h4>Hab\u00f6ckgasse 5, A-1230 Wien<\/h4>\n<h5>185 Jahre Tradition im Holzhandel<\/h5>\n<p>&nbsp;<\/p>\n<p><em>Vorwort<\/em><br \/>\nWir laden Sie herzlich ein, die\u00a0185-j\u00e4hrige Geschichte unserer Firma\u00a0gleichsam mitzuerleben; einem Unternehmen, das sich aus kleinen Anf\u00e4ngen, allen auftretenden Krisen, Krieg und Wirtschaftsnot zum Trotz, immer wieder empor gearbeitet hat.<\/p>\n<p><em>Geschichte der Firma<\/em><br \/>\nVor 185 Jahren, am 1.September 1831, er\u00f6ffnete Mathias Reder in Steyr eine Holzhandlung und legte damit den Grundstein f\u00fcr die Firma\u00a0\u00a0J. &amp; C. Reder; dieses Datum stellt somit den Geburtstag der Holzhandlung Reder und ihrer Nachfolgerin der Holz-HRAD GesmbH dar.<\/p>\n<p><em>Der gro\u00dfe Gesch\u00e4ftsaufschwung unter Josef Reder<\/em><br \/>\nIn die Zeit seines Wirkens f\u00e4llt der ungeheure wirtschaftliche Aufschwung w\u00e4hrend der so genannten Gr\u00fcndungsperiode, der die aller gr\u00f6\u00dften Ums\u00e4tze, die die Firma jemals erreicht hat, zeitigte.\u00a0Sein erste Bilanz aus dem Jahre 1865 weist eine Bilanz von 51.000 Gulden aus. Im Jahre 1865 errichtete Josef Reder eine st\u00e4ndige Vertretung in Wien. Zwei Jahre sp\u00e4ter erwarb er an der M\u00fcndung des Ramingbaches in die Enns ein Grundst\u00fcck und baute dort ein Dampfs\u00e4gewerk; daneben hatte er noch eine kleinere S\u00e4ge in Neuzug an der Steyr gekauft und zwei weitere Werke gepachtet. 1879 pachtete er in Wien neben der heutigen Friedensbr\u00fccke am Ufer des Donaukanals einen Lagerplatz und errichtete darauf eine Holzhandlung. Eine Entscheidung, die f\u00fcr die Weiterentwicklung der Firma von Grund legender Bedeutung war.<\/p>\n<p>1949 wurde das wieder aufgebaute B\u00fcrohaus seiner Bestimmung \u00fcbergeben; 1951 konnte der wirtschaftliche Leistungsgrad der Jahre 1939-1944 wieder erreicht und sogar gesteigert werden.\u00a01956 pr\u00e4sentierte sich die Firma J. &amp; C. Reder als ein sowohl f\u00fcr die Inlandsversorgung als auch f\u00fcr den Export gut fundiertes, in jeder Beziehung leistungsf\u00e4higes Unternehmen seiner Art.<\/p>\n<p><em>Von J&amp;C Reder KG zur Holz-HRAD GesmbH<\/em><br \/>\nNach internem Zwist zwischen den Eigent\u00fcmern w\u00fcrde 1978 das Unternehmen auf geteilt. Der Holzplatz in der Treustra\u00dfe wurde als Hauptsitz des &#8222;Wiener&#8220; Teils beibehalten. Als Folge der Insolvenz des abgespaltenen Teiles der Reder KG und dem Tode des damaligen Komplement\u00e4res, Josef Reder, musste auch der Wiener Teil 1980 zun\u00e4chst den Ausgleich anmelden. Eine umfangreiche Sanierung inkl. Verkauf des Grundes in der Treustra\u00dfe und \u00dcbersiedelung an die heutige Adresse war jedoch nicht erfolgreich und so musste 1980 der Gang zum Konkursrichter angetreten werden. Bis 1994 wurde der Betrieb als Massefortbetrieb aufrecht erhalten, Betriebsleiter war einer der heutigen Gesellschafter. 1994 erfolgte dann die Gr\u00fcndung der Holz-HRAD GesmbH welche mit 01.01.1995 die verbleibende Masse der J&amp;C Reder KG \u00fcbernahm. In nunmehr 6. Generation nach dem Gr\u00fcnder, lenkte von 1995 bis 2003 Ing. G\u00fcnther Hrad (geb. am 5.4. 1944) die Geschicke der Firma. Er ist der Sohn von Erika Hrad (geb. Reder) und damit direkter Nachfahre von Mathias Reder. Sein Sohn Ing. Georg Hrad (geb. 13.8.1970) ist nun seit 2003 Gesch\u00e4ftsf\u00fchrender Gesellschafter.<\/p>\n<p><em>Nachwort<\/em><br \/>\nDie Geschichte der Firma J. &amp; C. Reder und deren Nachfolger, der Firma Holz-HRAD GesmbH f\u00fchrte bis\u00a0jetzt \u00fcber\u00a0185 Jahre und 7 Generationen, eine\u00a0Zeitspanne, die reich an\u00a0 Krisen, politischen und sozialen Umw\u00e4lzungen war. Dazu haben Hochwasser, Feuer und Wirtschaftskrisen dem Unternehmen in der Vergangenheit arg zugesetzt. Trotzdem ist es gelungen, die Firma durch nunmehr sieben Generationen hinweg zu erhalten und sie nach R\u00fcckschl\u00e4gen immer wieder in die H\u00f6he zu f\u00fchren.<\/p>\n<p><img loading=\"lazy\" decoding=\"async\" class=\"alignnone wp-image-172 alignright\" src=\"https:\/\/cloud.holz-platten.at\/osmo\/wp-content\/tmp\/2016\/12\/H23-220x300.jpg\" width=\"103\" height=\"140\" srcset=\"https:\/\/cloud.holz-platten.at\/osmo\/wp-content\/tmp\/2016\/12\/H23-220x300.jpg 220w, https:\/\/cloud.holz-platten.at\/osmo\/wp-content\/tmp\/2016\/12\/H23.jpg 559w\" sizes=\"(max-width: 103px) 100vw, 103px\" \/><img loading=\"lazy\" decoding=\"async\" class=\"alignnone wp-image-171 alignright\" src=\"https:\/\/cloud.holz-platten.at\/osmo\/wp-content\/tmp\/2016\/12\/H22-187x300.jpg\" width=\"87\" height=\"140\" srcset=\"https:\/\/cloud.holz-platten.at\/osmo\/wp-content\/tmp\/2016\/12\/H22-187x300.jpg 187w, https:\/\/cloud.holz-platten.at\/osmo\/wp-content\/tmp\/2016\/12\/H22-638x1024.jpg 638w, https:\/\/cloud.holz-platten.at\/osmo\/wp-content\/tmp\/2016\/12\/H22.jpg 715w\" sizes=\"(max-width: 87px) 100vw, 87px\" \/><img loading=\"lazy\" decoding=\"async\" class=\"alignnone wp-image-151 alignright\" src=\"https:\/\/cloud.holz-platten.at\/osmo\/wp-content\/tmp\/2016\/12\/H2-220x300.jpg\" width=\"103\" height=\"140\" srcset=\"https:\/\/cloud.holz-platten.at\/osmo\/wp-content\/tmp\/2016\/12\/H2-220x300.jpg 220w, https:\/\/cloud.holz-platten.at\/osmo\/wp-content\/tmp\/2016\/12\/H2.jpg 586w\" sizes=\"(max-width: 103px) 100vw, 103px\" \/><img loading=\"lazy\" decoding=\"async\" class=\"alignnone wp-image-152 alignright\" src=\"https:\/\/cloud.holz-platten.at\/osmo\/wp-content\/tmp\/2016\/12\/H3-215x300.jpg\" width=\"100\" height=\"140\" srcset=\"https:\/\/cloud.holz-platten.at\/osmo\/wp-content\/tmp\/2016\/12\/H3-215x300.jpg 215w, https:\/\/cloud.holz-platten.at\/osmo\/wp-content\/tmp\/2016\/12\/H3.jpg 487w\" sizes=\"(max-width: 100px) 100vw, 100px\" \/><img loading=\"lazy\" decoding=\"async\" class=\"alignnone wp-image-157 alignright\" src=\"https:\/\/cloud.holz-platten.at\/osmo\/wp-content\/tmp\/2016\/12\/H8-300x255.jpg\" width=\"165\" height=\"140\" srcset=\"https:\/\/cloud.holz-platten.at\/osmo\/wp-content\/tmp\/2016\/12\/H8-300x255.jpg 300w, https:\/\/cloud.holz-platten.at\/osmo\/wp-content\/tmp\/2016\/12\/H8.jpg 754w\" sizes=\"(max-width: 165px) 100vw, 165px\" \/><\/p>\n","protected":false},"excerpt":{"rendered":"<p>Holz-HRAD GesmbH Hab\u00f6ckgasse 5, A-1230 Wien 185 Jahre Tradition im Holzhandel &nbsp; Vorwort Wir laden Sie herzlich ein, die\u00a0185-j\u00e4hrige Geschichte unserer Firma\u00a0gleichsam mitzuerleben; einem Unternehmen, das sich aus kleinen Anf\u00e4ngen, allen auftretenden Krisen, Krieg und Wirtschaftsnot zum Trotz, immer wieder empor gearbeitet hat. Geschichte der Firma Vor 185 Jahren, am 1.September 1831, er\u00f6ffnete Mathias Reder [&hellip;]<\/p>\n","protected":false},"author":1,"featured_media":0,"parent":0,"menu_order":0,"comment_status":"closed","ping_status":"closed","template":"","meta":{"footnotes":""},"class_list":["post-99","page","type-page","status-publish","hentry"],"_links":{"self":[{"href":"https:\/\/cloud.holz-platten.at\/osmo\/index.php?rest_route=\/wp\/v2\/pages\/99"}],"collection":[{"href":"https:\/\/cloud.holz-platten.at\/osmo\/index.php?rest_route=\/wp\/v2\/pages"}],"about":[{"href":"https:\/\/cloud.holz-platten.at\/osmo\/index.php?rest_route=\/wp\/v2\/types\/page"}],"author":[{"embeddable":true,"href":"https:\/\/cloud.holz-platten.at\/osmo\/index.php?rest_route=\/wp\/v2\/users\/1"}],"replies":[{"embeddable":true,"href":"https:\/\/cloud.holz-platten.at\/osmo\/index.php?rest_route=%2Fwp%2Fv2%2Fcomments&post=99"}],"version-history":[{"count":4,"href":"https:\/\/cloud.holz-platten.at\/osmo\/index.php?rest_route=\/wp\/v2\/pages\/99\/revisions"}],"predecessor-version":[{"id":181,"href":"https:\/\/cloud.holz-platten.at\/osmo\/index.php?rest_route=\/wp\/v2\/pages\/99\/revisions\/181"}],"wp:attachment":[{"href":"https:\/\/cloud.holz-platten.at\/osmo\/index.php?rest_route=%2Fwp%2Fv2%2Fmedia&parent=99"}],"curies":[{"name":"wp","href":"https:\/\/api.w.org\/{rel}","templated":true}]}}